{"id":246,"date":"2017-04-17T04:37:31","date_gmt":"2017-04-17T02:37:31","guid":{"rendered":"http:\/\/www.ey-fotografie.de\/?page_id=246"},"modified":"2017-10-03T02:02:20","modified_gmt":"2017-10-03T00:02:20","slug":"team","status":"publish","type":"page","link":"https:\/\/www.ey-fotografie.de\/?page_id=246","title":{"rendered":"Team"},"content":{"rendered":"<div style=\"width: 360px\" class=\"wp-caption alignleft\"><img loading=\"lazy\" decoding=\"async\" src=\"http:\/\/ey-fotografie.de\/EY\/5N8A0039-1.jpg\" alt=\"\" width=\"350\" height=\"480\" \/><p class=\"wp-caption-text\">Ercan Yildirim | Kontakt: service@ey-fotografie.de<\/p><\/div>\n<p>&nbsp;<\/p>\n<p>&nbsp;<\/p>\n<p>&nbsp;<\/p>\n<p>&nbsp;<\/p>\n<p>&nbsp;<\/p>\n<p>&nbsp;<\/p>\n<p>Der Fotograf Ercan Yildirim, bringt neben seiner Kompetenz und dem Fachwissen im Bereich der Fotografie, viel Ehrgeiz mit, aus jedem Shooting das beste herauszuholen.<br \/>\nNeben dem gekonnten und entspannten Umgang mit seinen zweibeinigen Kunden, verf\u00fcgt er auch \u00fcber gro\u00dfes Know-how im Bereich der Hundefotografie.<br \/>\nMit Spa\u00df an seiner Arbeit stellt er sich regelm\u00e4\u00dfig neuen Herausforderungen, die er dazu nutzt, sein K\u00f6nnen stetig zu erweitern und weiterzugeben.<\/p>\n<p>&nbsp;<\/p>\n<p>&nbsp;<\/p>\n<div style=\"width: 360px\" class=\"wp-caption alignleft\"><img loading=\"lazy\" decoding=\"async\" src=\"http:\/\/ey-fotografie.de\/EY\/5N8A0040-1.jpg\" alt=\"\" width=\"350\" height=\"480\" \/><p class=\"wp-caption-text\">Janine de Vries | Kontakt: janine@ey-fotografie.de<\/p><\/div>\n<p>&nbsp;<\/p>\n<p>&nbsp;<\/p>\n<p>&nbsp;<\/p>\n<p>&nbsp;<\/p>\n<p>&nbsp;<\/p>\n<p>&nbsp;<\/p>\n<p>&nbsp;<\/p>\n<p>&nbsp;<\/p>\n<div dir=\"auto\">K\u00fcnstlerin Janine de Vries, bildet sich stetig in verschiedenen Bereichen weiter und kann somit die eigenen und gemeinsamen Fantasien und Ideen mit Ercan Yildirim ausleben.<\/div>\n<div dir=\"auto\">Bei Shootings assistiert und unterst\u00fctzt sie den Fotografen wo es n\u00f6tig ist und sorgt mit ihrer positiven Art f\u00fcr eine ungezwungene und entspannte Atmosph\u00e4re.<\/div>\n<div dir=\"auto\">Au\u00dferdem k\u00fcmmert sie sich um Special-Makeup, Bodypainting und \u00e4hnliche Kreativarbeiten.<\/div>\n","protected":false},"excerpt":{"rendered":"<p>&nbsp; &nbsp; &nbsp; &nbsp; &nbsp; &nbsp; Der Fotograf Ercan Yildirim, bringt neben seiner Kompetenz und dem Fachwissen im Bereich der Fotografie, viel Ehrgeiz mit, aus jedem Shooting das beste herauszuholen. Neben dem gekonnten und entspannten Umgang mit seinen zweibeinigen Kunden, verf\u00fcgt er auch \u00fcber gro\u00dfes Know-how im Bereich der Hundefotografie. Mit Spa\u00df an seiner Arbeit [&hellip;]<\/p>\n","protected":false},"author":1,"featured_media":0,"parent":0,"menu_order":0,"comment_status":"closed","ping_status":"closed","template":"","meta":{"_monsterinsights_skip_tracking":false,"_monsterinsights_sitenote_active":false,"_monsterinsights_sitenote_note":"","_monsterinsights_sitenote_category":0,"footnotes":""},"class_list":["post-246","page","type-page","status-publish","hentry"],"aioseo_notices":[],"_links":{"self":[{"href":"https:\/\/www.ey-fotografie.de\/index.php?rest_route=\/wp\/v2\/pages\/246","targetHints":{"allow":["GET"]}}],"collection":[{"href":"https:\/\/www.ey-fotografie.de\/index.php?rest_route=\/wp\/v2\/pages"}],"about":[{"href":"https:\/\/www.ey-fotografie.de\/index.php?rest_route=\/wp\/v2\/types\/page"}],"author":[{"embeddable":true,"href":"https:\/\/www.ey-fotografie.de\/index.php?rest_route=\/wp\/v2\/users\/1"}],"replies":[{"embeddable":true,"href":"https:\/\/www.ey-fotografie.de\/index.php?rest_route=%2Fwp%2Fv2%2Fcomments&post=246"}],"version-history":[{"count":27,"href":"https:\/\/www.ey-fotografie.de\/index.php?rest_route=\/wp\/v2\/pages\/246\/revisions"}],"predecessor-version":[{"id":305,"href":"https:\/\/www.ey-fotografie.de\/index.php?rest_route=\/wp\/v2\/pages\/246\/revisions\/305"}],"wp:attachment":[{"href":"https:\/\/www.ey-fotografie.de\/index.php?rest_route=%2Fwp%2Fv2%2Fmedia&parent=246"}],"curies":[{"name":"wp","href":"https:\/\/api.w.org\/{rel}","templated":true}]}}