{"id":76,"date":"2016-02-14T02:21:54","date_gmt":"2016-02-14T01:21:54","guid":{"rendered":"http:\/\/www.ercan-yildirim.de\/?page_id=76"},"modified":"2019-03-23T21:35:09","modified_gmt":"2019-03-23T20:35:09","slug":"erfolge","status":"publish","type":"page","link":"https:\/\/www.ey-fotografie.de\/?page_id=76","title":{"rendered":"Erfolge"},"content":{"rendered":"<ul>\n<li>2015<br \/>\nFindorffAktuell <a href=\"http:\/\/www.findorffaktuell.de\/tipps-termine\/austellungen\/ercan-yildirim-wolfshafen\/\" target=\"_blank\" rel=\"noopener\">ver\u00f6ffentlicht<\/a> meine Fotoserie &#8222;Wolfshafen&#8220; und das dazugeh\u00f6rige Interview<\/li>\n<li>16. Dezember 2015<br \/>\nBILD <a href=\"https:\/\/www.facebook.com\/BILD.Bremen\/posts\/1221788094504739:0\" target=\"_blank\" rel=\"noopener\">ver\u00f6ffentlicht<\/a> mein Foto<\/li>\n<li>24. Januar 2016<br \/>\nBILD <a href=\"https:\/\/www.facebook.com\/BILD.Bremen\/posts\/1248367618513453:0\" target=\"_blank\" rel=\"noopener\">ver\u00f6ffentlicht<\/a> mein Foto<\/li>\n<li>15. August 2016<br \/>\n1. Platz beim Fotowettbewerb von Datacolor belegt, mit <a href=\"https:\/\/www.facebook.com\/DatacolorSpyder.de\/posts\/749716301797667:0\" target=\"_blank\" rel=\"noopener\">diesem Foto<\/a><\/li>\n<li>01. Januar 2017<br \/>\nBILD <a href=\"https:\/\/www.facebook.com\/BILD.Bremen\/photos\/a.159257560757803.36727.153994374617455\/1573378382679040\/?type=3\" target=\"_blank\" rel=\"noopener\">ver\u00f6ffentlicht<\/a> mein Foto<br \/>\n&#8218;Bremen ist sch\u00f6n&#8216; <a href=\"https:\/\/www.facebook.com\/BremenIstSchon\/photos\/a.419038468152678.92618.418991064824085\/1263758343680682\/?type=3\" target=\"_blank\" rel=\"noopener\">ver\u00f6ffentlicht<\/a> mein Foto<\/li>\n<li>15. Februar 2017<br \/>\nDas ber\u00fchmte &#8222;This Magazine&#8220; <a href=\"https:\/\/www.facebook.com\/thismag\/photos\/a.1070348799666597.1073741828.1064306270270850\/1444702475564559\/?type=3\" target=\"_blank\" rel=\"noopener\">ver\u00f6ffentlicht<\/a> unser Foto in der Kategorie &#8222;Best of Color Publications&#8220;<\/li>\n<li>19. Dezember 2017<br \/>\nDie BILD Zeitung ver\u00f6ffentlicht einen <a href=\"https:\/\/www.facebook.com\/EYFotografie\/photos\/a.451086445033425.1073741831.435063489969054\/1045742708901126\/?type=3&amp;permPage=1\" target=\"_blank\" rel=\"noopener\">Zeitungsartikel<\/a> und <a href=\"http:\/\/www.bild.de\/regional\/bremen\/hund\/witzige-fotografie-aus-bremen-54245336.bild.html\" target=\"_blank\" rel=\"noopener\">Internetbeitrag<\/a> \u00fcber uns, au\u00dferdem stehen in ganz Bremen <a href=\"https:\/\/www.facebook.com\/EYFotografie\/photos\/a.451086445033425.1073741831.435063489969054\/1045742728901124\/?type=3&amp;theater\" target=\"_blank\" rel=\"noopener\">Aufsteller<\/a> mit unserem Artikel<\/li>\n<li>16. Januar 2018<br \/>\nRTL ver\u00f6ffentlicht einen <a href=\"http:\/\/rtlnord.de\/nachrichten\/bremer-fotograf-lockt-hunde-vor-die-linse.html\" target=\"_blank\" rel=\"noopener\">Fernsehbeitrag<\/a> \u00fcber unsere Arbeit<\/li>\n<li>12. M\u00e4rz 2018<br \/>\nNDR ver\u00f6ffentlicht bei der Sendung DAS! einen <a href=\"https:\/\/www.ndr.de\/fernsehen\/sendungen\/das\/Hundefotografie-Bitte-schnappen,dasx14188.html\" target=\"_blank\" rel=\"noopener\">Fernsehbeitrag<\/a> \u00fcber unsere Arbeit<\/li>\n<li>13. M\u00e4rz 2018<br \/>\nRBB ver\u00f6ffentlicht einen <a href=\"https:\/\/www.rbb-online.de\/rbbum6\/archiv\/20180313_1800\/tierfotograf.html\" target=\"_blank\" rel=\"noopener\">Fernsehbeitrag<\/a> \u00fcber unsere Arbeit<\/li>\n<li>28. M\u00e4rz 2018<br \/>\nEuromaxx ver\u00f6ffentlicht einen <a href=\"http:\/\/p.dw.com\/p\/2v9sj\" target=\"_blank\" rel=\"noopener\">Fernsehbeitrag<\/a> \u00fcber unsere Arbeit<\/li>\n<li>28. M\u00e4rz 2018<br \/>\nEuromaxx INTERNATIONAL ver\u00f6ffentlicht einen <a href=\"http:\/\/p.dw.com\/p\/2v9MW\" target=\"_blank\" rel=\"noopener\">Fernsehbeitrag<\/a> \u00fcber unsere Arbeit (englische Adaption)<\/li>\n<li>13. April 2018<br \/>\nnorbuzz ver\u00f6ffentlicht einen <a href=\"https:\/\/www.nordbuzz.de\/ausgehen\/foto-trend-skurrile-schnappschuesse-bremen-besuch-ey-fotografie-studio-hunde-grimassen-shooting-9777038.html\" target=\"_blank\" rel=\"noopener\">Internetbeitrag<\/a> \u00fcber uns<\/li>\n<li>15. April 2018<br \/>\nbuten un binnen ver\u00f6ffentlicht einen <a href=\"https:\/\/www.facebook.com\/butenunbinnen\/videos\/1724052214299430\/\" target=\"_blank\" rel=\"noopener\">Facebook- Teaser<\/a> f\u00fcr einen Fernsehbeitrag \u00fcber unsere Arbeit<\/li>\n<li>16. April 2018<br \/>\nFotowettbewerb von Datacolor gewonnen, mit <a href=\"https:\/\/www.facebook.com\/DatacolorSpyder.de\/photos\/a.394505827318718.1073741828.394224274013540\/1201442353291724\/?type=3&amp;theater\" target=\"_blank\" rel=\"noopener\">diesem Foto<\/a><\/li>\n<li>18. April 2018<br \/>\nWir sind zu Gast bei &#8222;<a href=\"https:\/\/www.ndr.de\/fernsehen\/sendungen\/mein_nachmittag\/Mein-Nachmittag-,meinnachmittag17926.html\" target=\"_blank\" rel=\"noopener\">mein Nachmittag<\/a>&#8220; beim NDR Fernsehen (Live)<\/li>\n<li>03. Mai 2018<br \/>\nSat.1 ver\u00f6ffentlicht einen <a href=\"https:\/\/www.sat1regional.de\/bremer-machen-skurrile-schnappschuesse-von-hunden\/\" target=\"_blank\" rel=\"noopener\">Fernsehbeitrag<\/a> \u00fcber unsere Arbeit<\/li>\n<li>12. Mai 2018<br \/>\nButen un Binnen ver\u00f6ffentlicht einen <a href=\"https:\/\/www.butenunbinnen.de\/videos\/hundefotograf100.html\" target=\"_blank\" rel=\"noopener\">Fernsehbeitrag<\/a> \u00fcber unsere Arbeit<\/li>\n<li>13. Mai 2018<br \/>\nLive- Auftritt im 5 Sterne Plus Hotel Neptun in Warnem\u00fcnde<\/li>\n<li>05. Juli 2018<br \/>\nDas bekannte Magazin &#8222;Wild &amp; Hund&#8220; <a href=\"https:\/\/www.facebook.com\/EYFotografie\/photos\/a.1096829237125806.1073741833.435063489969054\/1175374139271315\/?type=3&amp;permPage=1\" target=\"_blank\" rel=\"noopener\">ver\u00f6ffentlicht<\/a> unser Foto<\/li>\n<li>09. Juli 2018<br \/>\nDie gr\u00f6\u00dfte Tageszeitung im Norden, der Weser Kurier, <a href=\"https:\/\/www.facebook.com\/EYFotografie\/photos\/a.1096829237125806.1073741833.435063489969054\/1175376945937701\/?type=3&amp;permPage=1\" target=\"_blank\" rel=\"noopener\">ver\u00f6ffentlicht<\/a> einen Bericht \u00fcber unsere Arbeit<\/li>\n<li>30. Juli 2018<br \/>\nZDF ver\u00f6ffentlicht einen <a href=\"https:\/\/www.zdf.de\/nachrichten\/hallo-deutschland\/hundefotografie-100.html\" target=\"_blank\" rel=\"noopener\">Fernsehbeitrag<\/a> \u00fcber unsere Arbeit<\/li>\n<li>20. August 2018<br \/>\nDie gr\u00f6\u00dfte Tageszeitung im Bremerhaven, die Nordsee- Zeitung, <a href=\"https:\/\/www.facebook.com\/EYFotografie\/photos\/a.1096829237125806\/1230621913746537\/?type=3&amp;permPage=1\" target=\"_blank\" rel=\"noopener\">ver\u00f6ffentlicht<\/a> einen Bericht \u00fcber unsere Arbeit<\/li>\n<li>31. August 2018<br \/>\nnorbuzz ver\u00f6ffentlicht einen <a href=\"https:\/\/www.nordbuzz.de\/ausgehen\/unter-tieren-neuer-shooting-trend-hunde-grimassen-fotograf-ercan-yildirim-bremen-10198658.html\" target=\"_blank\" rel=\"noopener\">Internetbeitrag<\/a> \u00fcber uns<\/li>\n<li>01. Februar 2019<br \/>\nDie bekannte Zeitschrift &#8222;BREMER&#8220; <a href=\"https:\/\/www.facebook.com\/EYFotografie\/photos\/a.1096829237125806\/1362691163872944\/?type=3&amp;permPage=1\">ver\u00f6ffentlicht<\/a> einen Bericht \u00fcber unsere Arbeit<\/li>\n<\/ul>\n","protected":false},"excerpt":{"rendered":"<p>2015 FindorffAktuell ver\u00f6ffentlicht meine Fotoserie &#8222;Wolfshafen&#8220; und das dazugeh\u00f6rige Interview 16. Dezember 2015 BILD ver\u00f6ffentlicht mein Foto 24. Januar 2016 BILD ver\u00f6ffentlicht mein Foto 15. August 2016 1. Platz beim Fotowettbewerb von Datacolor belegt, mit diesem Foto 01. Januar 2017 BILD ver\u00f6ffentlicht mein Foto &#8218;Bremen ist sch\u00f6n&#8216; ver\u00f6ffentlicht mein Foto 15. Februar 2017 Das ber\u00fchmte [&hellip;]<\/p>\n","protected":false},"author":1,"featured_media":0,"parent":0,"menu_order":0,"comment_status":"closed","ping_status":"closed","template":"","meta":{"_monsterinsights_skip_tracking":false,"_monsterinsights_sitenote_active":false,"_monsterinsights_sitenote_note":"","_monsterinsights_sitenote_category":0,"footnotes":""},"class_list":["post-76","page","type-page","status-publish","hentry"],"aioseo_notices":[],"_links":{"self":[{"href":"https:\/\/www.ey-fotografie.de\/index.php?rest_route=\/wp\/v2\/pages\/76","targetHints":{"allow":["GET"]}}],"collection":[{"href":"https:\/\/www.ey-fotografie.de\/index.php?rest_route=\/wp\/v2\/pages"}],"about":[{"href":"https:\/\/www.ey-fotografie.de\/index.php?rest_route=\/wp\/v2\/types\/page"}],"author":[{"embeddable":true,"href":"https:\/\/www.ey-fotografie.de\/index.php?rest_route=\/wp\/v2\/users\/1"}],"replies":[{"embeddable":true,"href":"https:\/\/www.ey-fotografie.de\/index.php?rest_route=%2Fwp%2Fv2%2Fcomments&post=76"}],"version-history":[{"count":21,"href":"https:\/\/www.ey-fotografie.de\/index.php?rest_route=\/wp\/v2\/pages\/76\/revisions"}],"predecessor-version":[{"id":376,"href":"https:\/\/www.ey-fotografie.de\/index.php?rest_route=\/wp\/v2\/pages\/76\/revisions\/376"}],"wp:attachment":[{"href":"https:\/\/www.ey-fotografie.de\/index.php?rest_route=%2Fwp%2Fv2%2Fmedia&parent=76"}],"curies":[{"name":"wp","href":"https:\/\/api.w.org\/{rel}","templated":true}]}}